{"id":25,"date":"2025-02-20T12:05:44","date_gmt":"2025-02-20T12:05:44","guid":{"rendered":"https:\/\/pension-auguste.de\/?page_id=25"},"modified":"2025-09-18T05:39:43","modified_gmt":"2025-09-18T05:39:43","slug":"pension-auguste","status":"publish","type":"page","link":"https:\/\/pension-auguste.de\/index.php\/pension-auguste\/","title":{"rendered":"Pension Auguste"},"content":{"rendered":"\t\t<div data-elementor-type=\"wp-page\" data-elementor-id=\"25\" class=\"elementor elementor-25\">\n\t\t\t\t<div class=\"elementor-element elementor-element-806e886 e-flex e-con-boxed e-con e-parent\" data-id=\"806e886\" data-element_type=\"container\">\n\t\t\t\t\t<div class=\"e-con-inner\">\n\t\t<div class=\"elementor-element elementor-element-d5958a0 e-con-full e-flex e-con e-child\" data-id=\"d5958a0\" data-element_type=\"container\">\n\t\t\t\t<div class=\"elementor-element elementor-element-9b315ab elementor-widget elementor-widget-image\" data-id=\"9b315ab\" data-element_type=\"widget\" data-widget_type=\"image.default\">\n\t\t\t\t<div class=\"elementor-widget-container\">\n\t\t\t\t\t\t\t\t\t\t\t\t\t\t\t<img fetchpriority=\"high\" decoding=\"async\" width=\"345\" height=\"259\" src=\"https:\/\/pension-auguste.de\/wp-content\/uploads\/2025\/08\/auguste.jpg\" class=\"attachment-large size-large wp-image-300\" alt=\"\" srcset=\"https:\/\/pension-auguste.de\/wp-content\/uploads\/2025\/08\/auguste.jpg 345w, https:\/\/pension-auguste.de\/wp-content\/uploads\/2025\/08\/auguste-300x225.jpg 300w\" sizes=\"(max-width: 345px) 100vw, 345px\" \/>\t\t\t\t\t\t\t\t\t\t\t\t\t\t\t<\/div>\n\t\t\t\t<\/div>\n\t\t\t\t<\/div>\n\t\t<div class=\"elementor-element elementor-element-80d276f e-con-full e-flex e-con e-child\" data-id=\"80d276f\" data-element_type=\"container\">\n\t\t\t\t<div class=\"elementor-element elementor-element-8b6143c elementor-widget elementor-widget-text-editor\" data-id=\"8b6143c\" data-element_type=\"widget\" data-widget_type=\"text-editor.default\">\n\t\t\t\t<div class=\"elementor-widget-container\">\n\t\t\t\t\t\t\t\t\t<p>Herzlich Willkommen in unserer <strong>Pension Auguste<\/strong>.<\/p><p>In unseren Zimmern k\u00f6nnen Sie tr\u00e4umen und entspannen.<\/p><ul><li>Einzelzimmer, Doppelzimmer, teil Wohn- und Schlafraum<\/li><li>Badezimmer mit Fu\u00dfbodenheizung<\/li><li>kostenloses Wlan<\/li><li>Garten mit Strandk\u00f6rben<\/li><li>Parkplatz<\/li><li><b>Hunde sind bei uns leider nicht erlaubt<\/b><\/li><\/ul>\t\t\t\t\t\t\t\t<\/div>\n\t\t\t\t<\/div>\n\t\t\t\t<\/div>\n\t\t\t\t\t<\/div>\n\t\t\t\t<\/div>\n\t\t<div class=\"elementor-element elementor-element-9a31220 e-flex e-con-boxed e-con e-parent\" data-id=\"9a31220\" data-element_type=\"container\">\n\t\t\t\t\t<div class=\"e-con-inner\">\n\t\t\t\t<div class=\"elementor-element elementor-element-2894dbe elementor-widget elementor-widget-text-editor\" data-id=\"2894dbe\" data-element_type=\"widget\" data-widget_type=\"text-editor.default\">\n\t\t\t\t<div class=\"elementor-widget-container\">\n\t\t\t\t\t\t\t\t\t<p>Zu den Annehmlichkeiten unserer Pension geh\u00f6ren ein reichhaltiges Fr\u00fchst\u00fccksbuffet und drei Strandkorbterrassen im Garten.<\/p><p>F\u00fcr den Nachmittag steht Ihnen ein Kaffeeautomat und ein Hei\u00dfwasserzubereiter zur Verf\u00fcgung.<\/p><p>Au\u00dferdem gibt es einen gemeinschaftlichen G\u00e4stek\u00fchlschrank. Der Fr\u00fchst\u00fccksraum bietet einen sch\u00f6nen Blick auf die Nordspitze, F\u00f6hr, Marsch und den Teerdeich.<\/p>\t\t\t\t\t\t\t\t<\/div>\n\t\t\t\t<\/div>\n\t\t\t\t\t<\/div>\n\t\t\t\t<\/div>\n\t\t<div class=\"elementor-element elementor-element-04b17dd e-flex e-con-boxed e-con e-parent\" data-id=\"04b17dd\" data-element_type=\"container\">\n\t\t\t\t\t<div class=\"e-con-inner\">\n\t\t<div class=\"elementor-element elementor-element-bf80db5 e-con-full e-flex e-con e-child\" data-id=\"bf80db5\" data-element_type=\"container\">\n\t\t\t\t<div class=\"elementor-element elementor-element-cbc6fe3 elementor-widget elementor-widget-image\" data-id=\"cbc6fe3\" data-element_type=\"widget\" data-widget_type=\"image.default\">\n\t\t\t\t<div class=\"elementor-widget-container\">\n\t\t\t\t\t\t\t\t\t\t\t\t\t\t\t<img decoding=\"async\" width=\"345\" height=\"230\" src=\"https:\/\/pension-auguste.de\/wp-content\/uploads\/2025\/08\/buffet.obstsalat.jpg\" class=\"attachment-large size-large wp-image-311\" alt=\"\" srcset=\"https:\/\/pension-auguste.de\/wp-content\/uploads\/2025\/08\/buffet.obstsalat.jpg 345w, https:\/\/pension-auguste.de\/wp-content\/uploads\/2025\/08\/buffet.obstsalat-300x200.jpg 300w\" sizes=\"(max-width: 345px) 100vw, 345px\" \/>\t\t\t\t\t\t\t\t\t\t\t\t\t\t\t<\/div>\n\t\t\t\t<\/div>\n\t\t\t\t<\/div>\n\t\t<div class=\"elementor-element elementor-element-5062a34 e-con-full e-flex e-con e-child\" data-id=\"5062a34\" data-element_type=\"container\">\n\t\t\t\t<div class=\"elementor-element elementor-element-0ff8254 elementor-widget elementor-widget-image\" data-id=\"0ff8254\" data-element_type=\"widget\" data-widget_type=\"image.default\">\n\t\t\t\t<div class=\"elementor-widget-container\">\n\t\t\t\t\t\t\t\t\t\t\t\t\t\t\t<img decoding=\"async\" width=\"345\" height=\"230\" src=\"https:\/\/pension-auguste.de\/wp-content\/uploads\/2025\/08\/buffet.brotchen.jpg\" class=\"attachment-large size-large wp-image-309\" alt=\"\" srcset=\"https:\/\/pension-auguste.de\/wp-content\/uploads\/2025\/08\/buffet.brotchen.jpg 345w, https:\/\/pension-auguste.de\/wp-content\/uploads\/2025\/08\/buffet.brotchen-300x200.jpg 300w\" sizes=\"(max-width: 345px) 100vw, 345px\" \/>\t\t\t\t\t\t\t\t\t\t\t\t\t\t\t<\/div>\n\t\t\t\t<\/div>\n\t\t\t\t<\/div>\n\t\t<div class=\"elementor-element elementor-element-28d375d e-con-full e-flex e-con e-child\" data-id=\"28d375d\" data-element_type=\"container\">\n\t\t\t\t<div class=\"elementor-element elementor-element-9454a15 elementor-widget elementor-widget-image\" data-id=\"9454a15\" data-element_type=\"widget\" data-widget_type=\"image.default\">\n\t\t\t\t<div class=\"elementor-widget-container\">\n\t\t\t\t\t\t\t\t\t\t\t\t\t\t\t<img loading=\"lazy\" decoding=\"async\" width=\"345\" height=\"230\" src=\"https:\/\/pension-auguste.de\/wp-content\/uploads\/2025\/08\/fruhstucksraum.jpg\" class=\"attachment-large size-large wp-image-315\" alt=\"\" srcset=\"https:\/\/pension-auguste.de\/wp-content\/uploads\/2025\/08\/fruhstucksraum.jpg 345w, https:\/\/pension-auguste.de\/wp-content\/uploads\/2025\/08\/fruhstucksraum-300x200.jpg 300w\" sizes=\"(max-width: 345px) 100vw, 345px\" \/>\t\t\t\t\t\t\t\t\t\t\t\t\t\t\t<\/div>\n\t\t\t\t<\/div>\n\t\t\t\t<\/div>\n\t\t<div class=\"elementor-element elementor-element-3c90ee3 e-con-full e-flex e-con e-child\" data-id=\"3c90ee3\" data-element_type=\"container\">\n\t\t\t\t<div class=\"elementor-element elementor-element-2d5622d elementor-widget elementor-widget-image\" data-id=\"2d5622d\" data-element_type=\"widget\" data-widget_type=\"image.default\">\n\t\t\t\t<div class=\"elementor-widget-container\">\n\t\t\t\t\t\t\t\t\t\t\t\t\t\t\t<img loading=\"lazy\" decoding=\"async\" width=\"345\" height=\"230\" src=\"https:\/\/pension-auguste.de\/wp-content\/uploads\/2025\/08\/buffet.gemuse.jpg\" class=\"attachment-large size-large wp-image-310\" alt=\"\" srcset=\"https:\/\/pension-auguste.de\/wp-content\/uploads\/2025\/08\/buffet.gemuse.jpg 345w, https:\/\/pension-auguste.de\/wp-content\/uploads\/2025\/08\/buffet.gemuse-300x200.jpg 300w\" sizes=\"(max-width: 345px) 100vw, 345px\" \/>\t\t\t\t\t\t\t\t\t\t\t\t\t\t\t<\/div>\n\t\t\t\t<\/div>\n\t\t\t\t<\/div>\n\t\t<div class=\"elementor-element elementor-element-a67bca1 e-con-full e-flex e-con e-child\" data-id=\"a67bca1\" data-element_type=\"container\">\n\t\t\t\t<div class=\"elementor-element elementor-element-9d6d838 elementor-widget elementor-widget-image\" data-id=\"9d6d838\" data-element_type=\"widget\" data-widget_type=\"image.default\">\n\t\t\t\t<div class=\"elementor-widget-container\">\n\t\t\t\t\t\t\t\t\t\t\t\t\t\t\t<img loading=\"lazy\" decoding=\"async\" width=\"345\" height=\"259\" src=\"https:\/\/pension-auguste.de\/wp-content\/uploads\/2025\/08\/fruhstucksraum.gross_.jpg\" class=\"attachment-large size-large wp-image-314\" alt=\"\" srcset=\"https:\/\/pension-auguste.de\/wp-content\/uploads\/2025\/08\/fruhstucksraum.gross_.jpg 345w, https:\/\/pension-auguste.de\/wp-content\/uploads\/2025\/08\/fruhstucksraum.gross_-300x225.jpg 300w\" sizes=\"(max-width: 345px) 100vw, 345px\" \/>\t\t\t\t\t\t\t\t\t\t\t\t\t\t\t<\/div>\n\t\t\t\t<\/div>\n\t\t\t\t<\/div>\n\t\t<div class=\"elementor-element elementor-element-87a03da e-con-full e-flex e-con e-child\" data-id=\"87a03da\" data-element_type=\"container\">\n\t\t\t\t<div class=\"elementor-element elementor-element-53021e6 elementor-widget elementor-widget-image\" data-id=\"53021e6\" data-element_type=\"widget\" data-widget_type=\"image.default\">\n\t\t\t\t<div class=\"elementor-widget-container\">\n\t\t\t\t\t\t\t\t\t\t\t\t\t\t\t<img loading=\"lazy\" decoding=\"async\" width=\"345\" height=\"227\" src=\"https:\/\/pension-auguste.de\/wp-content\/uploads\/2025\/08\/buffet.salate.jpg\" class=\"attachment-large size-large wp-image-312\" alt=\"\" srcset=\"https:\/\/pension-auguste.de\/wp-content\/uploads\/2025\/08\/buffet.salate.jpg 345w, https:\/\/pension-auguste.de\/wp-content\/uploads\/2025\/08\/buffet.salate-300x197.jpg 300w\" sizes=\"(max-width: 345px) 100vw, 345px\" \/>\t\t\t\t\t\t\t\t\t\t\t\t\t\t\t<\/div>\n\t\t\t\t<\/div>\n\t\t\t\t<\/div>\n\t\t<div class=\"elementor-element elementor-element-24eb99c e-con-full e-flex e-con e-child\" data-id=\"24eb99c\" data-element_type=\"container\">\n\t\t\t\t<div class=\"elementor-element elementor-element-7f7526e elementor-widget elementor-widget-image\" data-id=\"7f7526e\" data-element_type=\"widget\" data-widget_type=\"image.default\">\n\t\t\t\t<div class=\"elementor-widget-container\">\n\t\t\t\t\t\t\t\t\t\t\t\t\t\t\t<img loading=\"lazy\" decoding=\"async\" width=\"345\" height=\"230\" src=\"https:\/\/pension-auguste.de\/wp-content\/uploads\/2025\/08\/fruhstuck.jpg\" class=\"attachment-large size-large wp-image-313\" alt=\"\" srcset=\"https:\/\/pension-auguste.de\/wp-content\/uploads\/2025\/08\/fruhstuck.jpg 345w, https:\/\/pension-auguste.de\/wp-content\/uploads\/2025\/08\/fruhstuck-300x200.jpg 300w\" sizes=\"(max-width: 345px) 100vw, 345px\" \/>\t\t\t\t\t\t\t\t\t\t\t\t\t\t\t<\/div>\n\t\t\t\t<\/div>\n\t\t\t\t<\/div>\n\t\t<div class=\"elementor-element elementor-element-9510f72 e-con-full e-flex e-con e-child\" data-id=\"9510f72\" data-element_type=\"container\">\n\t\t\t\t<div class=\"elementor-element elementor-element-0547534 elementor-widget elementor-widget-image\" data-id=\"0547534\" data-element_type=\"widget\" data-widget_type=\"image.default\">\n\t\t\t\t<div class=\"elementor-widget-container\">\n\t\t\t\t\t\t\t\t\t\t\t\t\t\t\t<img loading=\"lazy\" decoding=\"async\" width=\"345\" height=\"230\" src=\"https:\/\/pension-auguste.de\/wp-content\/uploads\/2025\/08\/buffet.jpg\" class=\"attachment-large size-large wp-image-307\" alt=\"\" srcset=\"https:\/\/pension-auguste.de\/wp-content\/uploads\/2025\/08\/buffet.jpg 345w, https:\/\/pension-auguste.de\/wp-content\/uploads\/2025\/08\/buffet-300x200.jpg 300w\" sizes=\"(max-width: 345px) 100vw, 345px\" \/>\t\t\t\t\t\t\t\t\t\t\t\t\t\t\t<\/div>\n\t\t\t\t<\/div>\n\t\t\t\t<\/div>\n\t\t\t\t\t<\/div>\n\t\t\t\t<\/div>\n\t\t<div class=\"elementor-element elementor-element-b38c66f e-flex e-con-boxed e-con e-parent\" data-id=\"b38c66f\" data-element_type=\"container\">\n\t\t\t\t\t<div class=\"e-con-inner\">\n\t\t\t\t<div class=\"elementor-element elementor-element-670ebf2 elementor-widget elementor-widget-text-editor\" data-id=\"670ebf2\" data-element_type=\"widget\" data-widget_type=\"text-editor.default\">\n\t\t\t\t<div class=\"elementor-widget-container\">\n\t\t\t\t\t\t\t\t\t<p>Unsere Suche unterst\u00fctzt Sie dabei freie Objekte f\u00fcr Ihren gew\u00fcnschten Zeitraum zu finden. Sie erhalten lediglich alle verf\u00fcgbaren Objekte f\u00fcr Ihren Zeitraum angezeigt.<\/p><p>Sie sind im Zeitraum flexibel oder m\u00f6chten sich lieber einen \u00dcberblick \u00fcber unsere Objekte verschaffen? Kein Problem &#8211; klicken Sie dazu einfach auf Vermietobjekte.<\/p><p>Viel Spa\u00df beim St\u00f6bern!<\/p>\t\t\t\t\t\t\t\t<\/div>\n\t\t\t\t<\/div>\n\t\t\t\t\t<\/div>\n\t\t\t\t<\/div>\n\t\t<div class=\"elementor-element elementor-element-6b1b4919 e-flex e-con-boxed e-con e-parent\" data-id=\"6b1b4919\" data-element_type=\"container\">\n\t\t\t\t\t<div class=\"e-con-inner\">\n\t\t\t\t<div class=\"elementor-element elementor-element-4f4f38d9 elementor-widget elementor-widget-text-editor\" data-id=\"4f4f38d9\" data-element_type=\"widget\" data-widget_type=\"text-editor.default\">\n\t\t\t\t<div class=\"elementor-widget-container\">\n\t\t\t\t\t\t\t\t\t<iframe style=\"border: 1px solid black;\" src=\"https:\/\/pension-auguste.de\/wp-content\/1\/appvision\/example-embed-search.html#!?hideBackButton&amp;hideFilterButton&amp;\" width=\"3000\" height=\"1500\" frameborder=\"0\" allowfullscreen=\"allowfullscreen\"><\/iframe>\t\t\t\t\t\t\t\t<\/div>\n\t\t\t\t<\/div>\n\t\t\t\t\t<\/div>\n\t\t\t\t<\/div>\n\t\t\t\t<\/div>\n\t\t","protected":false},"excerpt":{"rendered":"<p>Herzlich Willkommen in unserer Pension Auguste. In unseren Zimmern k\u00f6nnen Sie tr\u00e4umen und entspannen. Einzelzimmer, Doppelzimmer, teil Wohn- und Schlafraum Badezimmer mit Fu\u00dfbodenheizung kostenloses Wlan Garten mit Strandk\u00f6rben Parkplatz Hunde&hellip;<\/p>\n","protected":false},"author":1,"featured_media":0,"parent":0,"menu_order":0,"comment_status":"closed","ping_status":"closed","template":"","meta":{"footnotes":""},"class_list":["post-25","page","type-page","status-publish","hentry"],"_links":{"self":[{"href":"https:\/\/pension-auguste.de\/index.php\/wp-json\/wp\/v2\/pages\/25","targetHints":{"allow":["GET"]}}],"collection":[{"href":"https:\/\/pension-auguste.de\/index.php\/wp-json\/wp\/v2\/pages"}],"about":[{"href":"https:\/\/pension-auguste.de\/index.php\/wp-json\/wp\/v2\/types\/page"}],"author":[{"embeddable":true,"href":"https:\/\/pension-auguste.de\/index.php\/wp-json\/wp\/v2\/users\/1"}],"replies":[{"embeddable":true,"href":"https:\/\/pension-auguste.de\/index.php\/wp-json\/wp\/v2\/comments?post=25"}],"version-history":[{"count":50,"href":"https:\/\/pension-auguste.de\/index.php\/wp-json\/wp\/v2\/pages\/25\/revisions"}],"predecessor-version":[{"id":333,"href":"https:\/\/pension-auguste.de\/index.php\/wp-json\/wp\/v2\/pages\/25\/revisions\/333"}],"wp:attachment":[{"href":"https:\/\/pension-auguste.de\/index.php\/wp-json\/wp\/v2\/media?parent=25"}],"curies":[{"name":"wp","href":"https:\/\/api.w.org\/{rel}","templated":true}]}}