{"id":10,"date":"2025-02-20T11:54:38","date_gmt":"2025-02-20T11:54:38","guid":{"rendered":"https:\/\/pension-auguste.de\/?page_id=10"},"modified":"2025-10-02T06:59:11","modified_gmt":"2025-10-02T06:59:11","slug":"herzlich-willkommen-bei-familie-schnoor","status":"publish","type":"page","link":"https:\/\/pension-auguste.de\/","title":{"rendered":"Herzlich Willkommen bei Familie Schnoor"},"content":{"rendered":"\t\t<div data-elementor-type=\"wp-post\" data-elementor-id=\"10\" class=\"elementor elementor-10\">\n\t\t\t\t<div class=\"elementor-element elementor-element-faf097c e-con-full e-flex e-con e-parent\" data-id=\"faf097c\" data-element_type=\"container\">\n\t\t<div class=\"elementor-element elementor-element-5a711c9 e-con-full e-flex e-con e-child\" data-id=\"5a711c9\" data-element_type=\"container\">\n\t\t\t\t<div class=\"elementor-element elementor-element-c3a0e8c elementor-widget__width-initial elementor-widget elementor-widget-image\" data-id=\"c3a0e8c\" data-element_type=\"widget\" data-widget_type=\"image.default\">\n\t\t\t\t<div class=\"elementor-widget-container\">\n\t\t\t\t\t\t\t\t\t\t\t\t\t\t\t<img fetchpriority=\"high\" decoding=\"async\" width=\"323\" height=\"248\" src=\"https:\/\/pension-auguste.de\/wp-content\/uploads\/2025\/02\/Strandkoerbe_bei_Ebbe.jpg\" class=\"attachment-large size-large wp-image-142\" alt=\"\" srcset=\"https:\/\/pension-auguste.de\/wp-content\/uploads\/2025\/02\/Strandkoerbe_bei_Ebbe.jpg 323w, https:\/\/pension-auguste.de\/wp-content\/uploads\/2025\/02\/Strandkoerbe_bei_Ebbe-300x230.jpg 300w\" sizes=\"(max-width: 323px) 100vw, 323px\" \/>\t\t\t\t\t\t\t\t\t\t\t\t\t\t\t<\/div>\n\t\t\t\t<\/div>\n\t\t\t\t<\/div>\n\t\t<div class=\"elementor-element elementor-element-39b17d4 e-con-full e-flex e-con e-child\" data-id=\"39b17d4\" data-element_type=\"container\">\n\t\t\t\t<div class=\"elementor-element elementor-element-8f6f931 elementor-widget elementor-widget-image\" data-id=\"8f6f931\" data-element_type=\"widget\" data-widget_type=\"image.default\">\n\t\t\t\t<div class=\"elementor-widget-container\">\n\t\t\t\t\t\t\t\t\t\t\t\t\t\t\t<img decoding=\"async\" width=\"323\" height=\"248\" src=\"https:\/\/pension-auguste.de\/wp-content\/uploads\/2025\/02\/Amrum_Leuchtturm.jpg\" class=\"attachment-large size-large wp-image-143\" alt=\"\" srcset=\"https:\/\/pension-auguste.de\/wp-content\/uploads\/2025\/02\/Amrum_Leuchtturm.jpg 323w, https:\/\/pension-auguste.de\/wp-content\/uploads\/2025\/02\/Amrum_Leuchtturm-300x230.jpg 300w\" sizes=\"(max-width: 323px) 100vw, 323px\" \/>\t\t\t\t\t\t\t\t\t\t\t\t\t\t\t<\/div>\n\t\t\t\t<\/div>\n\t\t\t\t<\/div>\n\t\t<div class=\"elementor-element elementor-element-1178800 e-con-full e-flex e-con e-child\" data-id=\"1178800\" data-element_type=\"container\">\n\t\t\t\t<div class=\"elementor-element elementor-element-8823b26 elementor-widget elementor-widget-image\" data-id=\"8823b26\" data-element_type=\"widget\" data-widget_type=\"image.default\">\n\t\t\t\t<div class=\"elementor-widget-container\">\n\t\t\t\t\t\t\t\t\t\t\t\t\t\t\t<img decoding=\"async\" width=\"323\" height=\"248\" src=\"https:\/\/pension-auguste.de\/wp-content\/uploads\/2025\/02\/Feld.jpg\" class=\"attachment-large size-large wp-image-145\" alt=\"\" srcset=\"https:\/\/pension-auguste.de\/wp-content\/uploads\/2025\/02\/Feld.jpg 323w, https:\/\/pension-auguste.de\/wp-content\/uploads\/2025\/02\/Feld-300x230.jpg 300w\" sizes=\"(max-width: 323px) 100vw, 323px\" \/>\t\t\t\t\t\t\t\t\t\t\t\t\t\t\t<\/div>\n\t\t\t\t<\/div>\n\t\t\t\t<\/div>\n\t\t\t\t<\/div>\n\t\t<div class=\"elementor-element elementor-element-b3ae4f7 e-flex e-con-boxed e-con e-parent\" data-id=\"b3ae4f7\" data-element_type=\"container\">\n\t\t\t\t\t<div class=\"e-con-inner\">\n\t\t\t\t<div class=\"elementor-element elementor-element-418cfd1 elementor-widget-divider--view-line elementor-widget elementor-widget-divider\" data-id=\"418cfd1\" data-element_type=\"widget\" data-widget_type=\"divider.default\">\n\t\t\t\t<div class=\"elementor-widget-container\">\n\t\t\t\t\t\t\t<div class=\"elementor-divider\">\n\t\t\t<span class=\"elementor-divider-separator\">\n\t\t\t\t\t\t<\/span>\n\t\t<\/div>\n\t\t\t\t\t\t<\/div>\n\t\t\t\t<\/div>\n\t\t\t\t\t<\/div>\n\t\t\t\t<\/div>\n\t\t<div class=\"elementor-element elementor-element-dd73947 e-con-full e-flex e-con e-parent\" data-id=\"dd73947\" data-element_type=\"container\">\n\t\t\t\t<div class=\"elementor-element elementor-element-ee1a1d1 elementor-widget__width-inherit elementor-widget elementor-widget-text-editor\" data-id=\"ee1a1d1\" data-element_type=\"widget\" data-widget_type=\"text-editor.default\">\n\t\t\t\t<div class=\"elementor-widget-container\">\n\t\t\t\t\t\t\t\t\t<p>Hier finden Sie alle Informationen zu Veranstaltungen auf Amrum. <\/p><p>+++ Wichtige Informationen die unsere Objekte betreffen, finden Sie hier. +++<\/p>\t\t\t\t\t\t\t\t<\/div>\n\t\t\t\t<\/div>\n\t\t\t\t<\/div>\n\t\t<div class=\"elementor-element elementor-element-2e1f65b e-flex e-con-boxed e-con e-parent\" data-id=\"2e1f65b\" data-element_type=\"container\">\n\t\t\t\t\t<div class=\"e-con-inner\">\n\t\t\t\t<div class=\"elementor-element elementor-element-a7d0a34 elementor-widget-divider--view-line elementor-widget elementor-widget-divider\" data-id=\"a7d0a34\" data-element_type=\"widget\" data-widget_type=\"divider.default\">\n\t\t\t\t<div class=\"elementor-widget-container\">\n\t\t\t\t\t\t\t<div class=\"elementor-divider\">\n\t\t\t<span class=\"elementor-divider-separator\">\n\t\t\t\t\t\t<\/span>\n\t\t<\/div>\n\t\t\t\t\t\t<\/div>\n\t\t\t\t<\/div>\n\t\t\t\t\t<\/div>\n\t\t\t\t<\/div>\n\t\t<div class=\"elementor-element elementor-element-1213108 e-flex e-con-boxed e-con e-parent\" data-id=\"1213108\" data-element_type=\"container\">\n\t\t\t\t\t<div class=\"e-con-inner\">\n\t\t\t\t<div class=\"elementor-element elementor-element-1196349 elementor-widget elementor-widget-text-editor\" data-id=\"1196349\" data-element_type=\"widget\" data-widget_type=\"text-editor.default\">\n\t\t\t\t<div class=\"elementor-widget-container\">\n\t\t\t\t\t\t\t\t\t<p>Wir begr\u00fc\u00dfen Sie herzlich auf unserer Homepage, bitte beachten Sie, dass wir Ihnen in unserer gem\u00fctlichen <strong>&#8222;Pension Auguste&#8220;<\/strong> sowohl Einzelzimmer, sowie Doppelzimmer anbieten k\u00f6nnen.\u00a0<\/p><p>Sind Sie eher an Buchungen eines Appartements interessiert, steht Ihnen unser wundersch\u00f6nes Haus <strong>&#8222;Seeker Huuwen&#8220;<\/strong> zur Verf\u00fcgung.\u00a0 <\/p><p>Wir w\u00fcrden uns freuen Sie bald bei uns als Gast begr\u00fc\u00dfen zu d\u00fcrfen!<\/p>\t\t\t\t\t\t\t\t<\/div>\n\t\t\t\t<\/div>\n\t\t\t\t\t<\/div>\n\t\t\t\t<\/div>\n\t\t<div class=\"elementor-element elementor-element-ed7a7ab e-flex e-con-boxed e-con e-parent\" data-id=\"ed7a7ab\" data-element_type=\"container\">\n\t\t\t\t\t<div class=\"e-con-inner\">\n\t\t\t\t<div class=\"elementor-element elementor-element-5a20c8c elementor-widget-divider--view-line elementor-widget elementor-widget-divider\" data-id=\"5a20c8c\" data-element_type=\"widget\" data-widget_type=\"divider.default\">\n\t\t\t\t<div class=\"elementor-widget-container\">\n\t\t\t\t\t\t\t<div class=\"elementor-divider\">\n\t\t\t<span class=\"elementor-divider-separator\">\n\t\t\t\t\t\t<\/span>\n\t\t<\/div>\n\t\t\t\t\t\t<\/div>\n\t\t\t\t<\/div>\n\t\t\t\t\t<\/div>\n\t\t\t\t<\/div>\n\t\t<div class=\"elementor-element elementor-element-c24930a e-con-full e-flex e-con e-parent\" data-id=\"c24930a\" data-element_type=\"container\">\n\t\t<div class=\"elementor-element elementor-element-abf7b6b e-con-full e-flex e-con e-child\" data-id=\"abf7b6b\" data-element_type=\"container\">\n\t\t\t\t<div class=\"elementor-element elementor-element-3617768 elementor-widget elementor-widget-text-editor\" data-id=\"3617768\" data-element_type=\"widget\" data-widget_type=\"text-editor.default\">\n\t\t\t\t<div class=\"elementor-widget-container\">\n\t\t\t\t\t\t\t\t\t<h2>\u00a0<\/h2><h2><a href=\"https:\/\/pension-auguste.de\/index.php\/haus-seeker-huwen\/\">Pension Auguste<\/a><\/h2><p>Unser Haus liegt zentral im Ortskern Norddorfs ruhiger und sonniger Lage.<\/p><p><a href=\"https:\/\/pension-auguste.de\/index.php\/pension-auguste\/\"><span style=\"text-decoration: underline;\">Hier<\/span><\/a> finden Sie alle Infos zu freien Buchungszeiten, Anfragem\u00f6glichkeiten und weitere Interessante Informationen rund um Ihren Urlaub!<\/p><p><span style=\"text-decoration: underline;\"><strong>Bitte beachten: Die g\u00fcltigen Saisonpreise entnehmen Sie bitte dem jeweiligen Objekt unter Preise. Die angegebenen Preise verstehen zzgl. Fr\u00fchst\u00fcckskosten.<\/strong><\/span>\u00a0<\/p>\t\t\t\t\t\t\t\t<\/div>\n\t\t\t\t<\/div>\n\t\t\t\t<\/div>\n\t\t<div class=\"elementor-element elementor-element-2e6b957 e-con-full e-flex e-con e-child\" data-id=\"2e6b957\" data-element_type=\"container\">\n\t\t<div class=\"elementor-element elementor-element-b839733 e-con-full e-flex e-con e-child\" data-id=\"b839733\" data-element_type=\"container\">\n\t\t\t\t<div class=\"elementor-element elementor-element-ba1787b elementor-widget__width-initial elementor-widget elementor-widget-image\" data-id=\"ba1787b\" data-element_type=\"widget\" data-widget_type=\"image.default\">\n\t\t\t\t<div class=\"elementor-widget-container\">\n\t\t\t\t\t\t\t\t\t\t\t\t\t\t\t<img loading=\"lazy\" decoding=\"async\" width=\"320\" height=\"255\" src=\"https:\/\/pension-auguste.de\/wp-content\/uploads\/2025\/02\/IMG_3016.jpg\" class=\"attachment-large size-large wp-image-16\" alt=\"\" srcset=\"https:\/\/pension-auguste.de\/wp-content\/uploads\/2025\/02\/IMG_3016.jpg 320w, https:\/\/pension-auguste.de\/wp-content\/uploads\/2025\/02\/IMG_3016-300x239.jpg 300w\" sizes=\"(max-width: 320px) 100vw, 320px\" \/>\t\t\t\t\t\t\t\t\t\t\t\t\t\t\t<\/div>\n\t\t\t\t<\/div>\n\t\t\t\t<\/div>\n\t\t<div class=\"elementor-element elementor-element-e0e77b6 e-con-full e-flex e-con e-child\" data-id=\"e0e77b6\" data-element_type=\"container\">\n\t\t\t\t<div class=\"elementor-element elementor-element-44b8801 elementor-widget__width-initial elementor-widget elementor-widget-image\" data-id=\"44b8801\" data-element_type=\"widget\" data-widget_type=\"image.default\">\n\t\t\t\t<div class=\"elementor-widget-container\">\n\t\t\t\t\t\t\t\t\t\t\t\t\t\t\t<img loading=\"lazy\" decoding=\"async\" width=\"451\" height=\"254\" src=\"https:\/\/pension-auguste.de\/wp-content\/uploads\/2025\/02\/Auguste_von_oben.jpg\" class=\"attachment-large size-large wp-image-17\" alt=\"\" srcset=\"https:\/\/pension-auguste.de\/wp-content\/uploads\/2025\/02\/Auguste_von_oben.jpg 451w, https:\/\/pension-auguste.de\/wp-content\/uploads\/2025\/02\/Auguste_von_oben-300x169.jpg 300w\" sizes=\"(max-width: 451px) 100vw, 451px\" \/>\t\t\t\t\t\t\t\t\t\t\t\t\t\t\t<\/div>\n\t\t\t\t<\/div>\n\t\t\t\t<\/div>\n\t\t\t\t<\/div>\n\t\t\t\t<\/div>\n\t\t<div class=\"elementor-element elementor-element-69e7da7 e-flex e-con-boxed e-con e-parent\" data-id=\"69e7da7\" data-element_type=\"container\">\n\t\t\t\t\t<div class=\"e-con-inner\">\n\t\t\t\t<div class=\"elementor-element elementor-element-49c5816 elementor-widget elementor-widget-html\" data-id=\"49c5816\" data-element_type=\"widget\" data-widget_type=\"html.default\">\n\t\t\t\t<div class=\"elementor-widget-container\">\n\t\t\t\t\t<iframe width=\"250\" height=\"500\" src=\"https:\/\/pension-auguste.de\/wp-content\/1\/appvision\/interbook\/bplan_all.php\" frameborder=\"0\" allowfullscreen><\/iframe>\t\t\t\t<\/div>\n\t\t\t\t<\/div>\n\t\t\t\t\t<\/div>\n\t\t\t\t<\/div>\n\t\t<div class=\"elementor-element elementor-element-34ceba0 e-flex e-con-boxed e-con e-parent\" data-id=\"34ceba0\" data-element_type=\"container\">\n\t\t\t\t\t<div class=\"e-con-inner\">\n\t\t\t\t<div class=\"elementor-element elementor-element-7351973 elementor-widget-divider--view-line elementor-widget elementor-widget-divider\" data-id=\"7351973\" data-element_type=\"widget\" data-widget_type=\"divider.default\">\n\t\t\t\t<div class=\"elementor-widget-container\">\n\t\t\t\t\t\t\t<div class=\"elementor-divider\">\n\t\t\t<span class=\"elementor-divider-separator\">\n\t\t\t\t\t\t<\/span>\n\t\t<\/div>\n\t\t\t\t\t\t<\/div>\n\t\t\t\t<\/div>\n\t\t\t\t\t<\/div>\n\t\t\t\t<\/div>\n\t\t<div class=\"elementor-element elementor-element-a35cfc6 e-con-full e-flex e-con e-parent\" data-id=\"a35cfc6\" data-element_type=\"container\">\n\t\t<div class=\"elementor-element elementor-element-8f580cd e-con-full e-flex e-con e-child\" data-id=\"8f580cd\" data-element_type=\"container\">\n\t\t\t\t<div class=\"elementor-element elementor-element-9d60a1a elementor-widget elementor-widget-text-editor\" data-id=\"9d60a1a\" data-element_type=\"widget\" data-widget_type=\"text-editor.default\">\n\t\t\t\t<div class=\"elementor-widget-container\">\n\t\t\t\t\t\t\t\t\t<h2>\u00a0<\/h2><h2><a href=\"https:\/\/pension-auguste.de\/index.php\/haus-seeker-huwen\/\">Ferienhaus \u201cSeeker Huuwen\u201d<\/a><\/h2><p>Unser Haus liegt zentral im Ortskern Norddorfs ruhiger und sonniger Lage.<\/p><p><a href=\"https:\/\/pension-auguste.de\/index.php\/haus-seeker-huwen\/\"><span style=\"text-decoration: underline;\"><strong>Hier<\/strong><\/span><\/a> finden Sie alle Informationen zu freien Buchungszeiten, Anfragem\u00f6glichkeiten und weitere Interessante Informationen rund um Ihren Urlaub!<\/p><p><span style=\"text-decoration: underline;\"><strong>Bitte beachten: Die g\u00fcltigen Saisonpreise entnehmen Sie bitte dem jeweiligen Objekt unter Preise. Die angegebenen Preise verstehen zzgl. Fr\u00fchst\u00fcckskosten.<\/strong><\/span>\u00a0<\/p>\t\t\t\t\t\t\t\t<\/div>\n\t\t\t\t<\/div>\n\t\t\t\t<\/div>\n\t\t<div class=\"elementor-element elementor-element-9c2ed72 e-con-full e-flex e-con e-child\" data-id=\"9c2ed72\" data-element_type=\"container\">\n\t\t<div class=\"elementor-element elementor-element-ef30f98 e-con-full e-flex e-con e-child\" data-id=\"ef30f98\" data-element_type=\"container\">\n\t\t\t\t<div class=\"elementor-element elementor-element-622683d elementor-widget__width-initial elementor-widget elementor-widget-image\" data-id=\"622683d\" data-element_type=\"widget\" data-widget_type=\"image.default\">\n\t\t\t\t<div class=\"elementor-widget-container\">\n\t\t\t\t\t\t\t\t\t\t\t\t\t\t\t<img loading=\"lazy\" decoding=\"async\" width=\"343\" height=\"263\" src=\"https:\/\/pension-auguste.de\/wp-content\/uploads\/2025\/02\/Seeker_Huuwen.jpg\" class=\"attachment-large size-large wp-image-18\" alt=\"\" srcset=\"https:\/\/pension-auguste.de\/wp-content\/uploads\/2025\/02\/Seeker_Huuwen.jpg 343w, https:\/\/pension-auguste.de\/wp-content\/uploads\/2025\/02\/Seeker_Huuwen-300x230.jpg 300w\" sizes=\"(max-width: 343px) 100vw, 343px\" \/>\t\t\t\t\t\t\t\t\t\t\t\t\t\t\t<\/div>\n\t\t\t\t<\/div>\n\t\t\t\t<\/div>\n\t\t<div class=\"elementor-element elementor-element-ad3ff60 e-con-full e-flex e-con e-child\" data-id=\"ad3ff60\" data-element_type=\"container\">\n\t\t\t\t<div class=\"elementor-element elementor-element-09ac013 elementor-widget__width-initial elementor-widget elementor-widget-image\" data-id=\"09ac013\" data-element_type=\"widget\" data-widget_type=\"image.default\">\n\t\t\t\t<div class=\"elementor-widget-container\">\n\t\t\t\t\t\t\t\t\t\t\t\t\t\t\t<img loading=\"lazy\" decoding=\"async\" width=\"452\" height=\"254\" src=\"https:\/\/pension-auguste.de\/wp-content\/uploads\/2025\/02\/seeker-huuwen_von_oben.jpg\" class=\"attachment-large size-large wp-image-19\" alt=\"\" srcset=\"https:\/\/pension-auguste.de\/wp-content\/uploads\/2025\/02\/seeker-huuwen_von_oben.jpg 452w, https:\/\/pension-auguste.de\/wp-content\/uploads\/2025\/02\/seeker-huuwen_von_oben-300x169.jpg 300w\" sizes=\"(max-width: 452px) 100vw, 452px\" \/>\t\t\t\t\t\t\t\t\t\t\t\t\t\t\t<\/div>\n\t\t\t\t<\/div>\n\t\t\t\t<\/div>\n\t\t\t\t<\/div>\n\t\t\t\t<\/div>\n\t\t<div class=\"elementor-element elementor-element-ef96897 e-flex e-con-boxed e-con e-parent\" data-id=\"ef96897\" data-element_type=\"container\">\n\t\t\t\t\t<div class=\"e-con-inner\">\n\t\t\t\t<div class=\"elementor-element elementor-element-b4610ce elementor-widget elementor-widget-html\" data-id=\"b4610ce\" data-element_type=\"widget\" data-widget_type=\"html.default\">\n\t\t\t\t<div class=\"elementor-widget-container\">\n\t\t\t\t\t<iframe width=\"250\" height=\"500\" src=\"https:\/\/pension-auguste.de\/wp-content\/2\/appvision\/interbook\/bplan_all.php\" frameborder=\"0\" allowfullscreen><\/iframe>\t\t\t\t<\/div>\n\t\t\t\t<\/div>\n\t\t\t\t\t<\/div>\n\t\t\t\t<\/div>\n\t\t<div class=\"elementor-element elementor-element-679efb4 e-flex e-con-boxed e-con e-parent\" data-id=\"679efb4\" data-element_type=\"container\">\n\t\t\t\t\t<div class=\"e-con-inner\">\n\t\t\t\t<div class=\"elementor-element elementor-element-f7fb284 elementor-widget-divider--view-line elementor-widget elementor-widget-divider\" data-id=\"f7fb284\" data-element_type=\"widget\" data-widget_type=\"divider.default\">\n\t\t\t\t<div class=\"elementor-widget-container\">\n\t\t\t\t\t\t\t<div class=\"elementor-divider\">\n\t\t\t<span class=\"elementor-divider-separator\">\n\t\t\t\t\t\t<\/span>\n\t\t<\/div>\n\t\t\t\t\t\t<\/div>\n\t\t\t\t<\/div>\n\t\t\t\t\t<\/div>\n\t\t\t\t<\/div>\n\t\t\t\t<\/div>\n\t\t","protected":false},"excerpt":{"rendered":"<p>Hier finden Sie alle Informationen zu Veranstaltungen auf Amrum. +++ Wichtige Informationen die unsere Objekte betreffen, finden Sie hier. +++ Wir begr\u00fc\u00dfen Sie herzlich auf unserer Homepage, bitte beachten Sie,&hellip;<\/p>\n","protected":false},"author":1,"featured_media":12,"parent":0,"menu_order":0,"comment_status":"closed","ping_status":"closed","template":"elementor_header_footer","meta":{"footnotes":""},"class_list":["post-10","page","type-page","status-publish","has-post-thumbnail","hentry"],"_links":{"self":[{"href":"https:\/\/pension-auguste.de\/index.php\/wp-json\/wp\/v2\/pages\/10","targetHints":{"allow":["GET"]}}],"collection":[{"href":"https:\/\/pension-auguste.de\/index.php\/wp-json\/wp\/v2\/pages"}],"about":[{"href":"https:\/\/pension-auguste.de\/index.php\/wp-json\/wp\/v2\/types\/page"}],"author":[{"embeddable":true,"href":"https:\/\/pension-auguste.de\/index.php\/wp-json\/wp\/v2\/users\/1"}],"replies":[{"embeddable":true,"href":"https:\/\/pension-auguste.de\/index.php\/wp-json\/wp\/v2\/comments?post=10"}],"version-history":[{"count":118,"href":"https:\/\/pension-auguste.de\/index.php\/wp-json\/wp\/v2\/pages\/10\/revisions"}],"predecessor-version":[{"id":356,"href":"https:\/\/pension-auguste.de\/index.php\/wp-json\/wp\/v2\/pages\/10\/revisions\/356"}],"wp:featuredmedia":[{"embeddable":true,"href":"https:\/\/pension-auguste.de\/index.php\/wp-json\/wp\/v2\/media\/12"}],"wp:attachment":[{"href":"https:\/\/pension-auguste.de\/index.php\/wp-json\/wp\/v2\/media?parent=10"}],"curies":[{"name":"wp","href":"https:\/\/api.w.org\/{rel}","templated":true}]}}